{"id":5618,"date":"2020-03-13T15:20:54","date_gmt":"2020-03-13T14:20:54","guid":{"rendered":"http:\/\/drocom.nl\/webshop\/niet-gecategoriseerd\/niet-gecategoriseerd\/brandstoftank-kunststof-25\/"},"modified":"2025-03-21T15:00:48","modified_gmt":"2025-03-21T15:00:48","slug":"brandstoftank-kunststof-25","status":"publish","type":"product","link":"https:\/\/drocom.nl\/webshop\/product\/brandstoftank-kunststof-25\/","title":{"rendered":"Brandstoftank (kunststof). 25 ltr., L490 x Br220 x H300mm."},"content":{"rendered":"<p>490 x 220 x 300 mm hoog, incl. aansl. Vul \u00d8 51 mm, Ontluchting \u00d8 16 mm, Aanzuig en retour \u00d8 8 mm, haaks<\/p>\n","protected":false},"excerpt":{"rendered":"<p>liter<\/p>\n","protected":false},"featured_media":708,"template":"","meta":[],"product_brand":[],"product_cat":[17],"product_tag":[],"class_list":{"0":"post-5618","1":"product","2":"type-product","3":"status-publish","4":"has-post-thumbnail","6":"product_cat-brandstoftanks","8":"first","9":"instock","10":"shipping-taxable","11":"purchasable","12":"product-type-simple"},"_links":{"self":[{"href":"https:\/\/drocom.nl\/webshop\/wp-json\/wp\/v2\/product\/5618","targetHints":{"allow":["GET"]}}],"collection":[{"href":"https:\/\/drocom.nl\/webshop\/wp-json\/wp\/v2\/product"}],"about":[{"href":"https:\/\/drocom.nl\/webshop\/wp-json\/wp\/v2\/types\/product"}],"wp:featuredmedia":[{"embeddable":true,"href":"https:\/\/drocom.nl\/webshop\/wp-json\/wp\/v2\/media\/708"}],"wp:attachment":[{"href":"https:\/\/drocom.nl\/webshop\/wp-json\/wp\/v2\/media?parent=5618"}],"wp:term":[{"taxonomy":"product_brand","embeddable":true,"href":"https:\/\/drocom.nl\/webshop\/wp-json\/wp\/v2\/product_brand?post=5618"},{"taxonomy":"product_cat","embeddable":true,"href":"https:\/\/drocom.nl\/webshop\/wp-json\/wp\/v2\/product_cat?post=5618"},{"taxonomy":"product_tag","embeddable":true,"href":"https:\/\/drocom.nl\/webshop\/wp-json\/wp\/v2\/product_tag?post=5618"}],"curies":[{"name":"wp","href":"https:\/\/api.w.org\/{rel}","templated":true}]}}