{"id":5590,"date":"2020-03-13T15:20:48","date_gmt":"2020-03-13T14:20:48","guid":{"rendered":"http:\/\/drocom.nl\/webshop\/niet-gecategoriseerd\/niet-gecategoriseerd\/aansluitkit-v-ftl-51-8-16\/"},"modified":"2025-03-21T15:10:31","modified_gmt":"2025-03-21T15:10:31","slug":"aansluitkit-v-ftl-51-8-16","status":"publish","type":"product","link":"https:\/\/drocom.nl\/webshop\/product\/aansluitkit-v-ftl-51-8-16\/","title":{"rendered":"Aansluitkit V-FTL 51-8-16"},"content":{"rendered":"<p>Aansluitkit voor dieseltank. Vul \u00d8 51mm. Zuig \u00d8 8 mm. Ontluchting \u00d8 16 mm. Sensorvoorbereiding<\/p>\n<p>Benodigd, om deze aansluitkit in te bouwen, is een boorzaag \u00d8 114 mm.<\/p>\n<p>Boorzaag eventueel erbij te bestellen onder art.nr. :<\/p>\n<p>Center-boorzaag eventueel erbij te bestellen onder art.nr. :<\/p>\n","protected":false},"excerpt":{"rendered":"<p>Aansluitkit voor dieseltank. Vul \u00d8 51mm. Zuig \u00d8 8 mm. Ontluchting \u00d8 16 mm. Sensorvoorbereiding Benodigd, om deze aansluitkit in&#8230;<\/p>\n","protected":false},"featured_media":1110,"template":"","meta":[],"product_brand":[],"product_cat":[28],"product_tag":[],"class_list":{"0":"post-5590","1":"product","2":"type-product","3":"status-publish","4":"has-post-thumbnail","6":"product_cat-messing-aansluitingen","8":"first","9":"instock","10":"shipping-taxable","11":"purchasable","12":"product-type-simple"},"_links":{"self":[{"href":"https:\/\/drocom.nl\/webshop\/wp-json\/wp\/v2\/product\/5590","targetHints":{"allow":["GET"]}}],"collection":[{"href":"https:\/\/drocom.nl\/webshop\/wp-json\/wp\/v2\/product"}],"about":[{"href":"https:\/\/drocom.nl\/webshop\/wp-json\/wp\/v2\/types\/product"}],"wp:featuredmedia":[{"embeddable":true,"href":"https:\/\/drocom.nl\/webshop\/wp-json\/wp\/v2\/media\/1110"}],"wp:attachment":[{"href":"https:\/\/drocom.nl\/webshop\/wp-json\/wp\/v2\/media?parent=5590"}],"wp:term":[{"taxonomy":"product_brand","embeddable":true,"href":"https:\/\/drocom.nl\/webshop\/wp-json\/wp\/v2\/product_brand?post=5590"},{"taxonomy":"product_cat","embeddable":true,"href":"https:\/\/drocom.nl\/webshop\/wp-json\/wp\/v2\/product_cat?post=5590"},{"taxonomy":"product_tag","embeddable":true,"href":"https:\/\/drocom.nl\/webshop\/wp-json\/wp\/v2\/product_tag?post=5590"}],"curies":[{"name":"wp","href":"https:\/\/api.w.org\/{rel}","templated":true}]}}