{"id":5585,"date":"2020-03-13T15:20:47","date_gmt":"2020-03-13T14:20:47","guid":{"rendered":"http:\/\/drocom.nl\/webshop\/niet-gecategoriseerd\/niet-gecategoriseerd\/aansluitkit-v-ftl-38-10-16\/"},"modified":"2025-03-21T15:06:23","modified_gmt":"2025-03-21T15:06:23","slug":"aansluitkit-v-ftl-38-10-16","status":"publish","type":"product","link":"https:\/\/drocom.nl\/webshop\/product\/aansluitkit-v-ftl-38-10-16\/","title":{"rendered":"Aansluitkit V-FTL 38-10-16"},"content":{"rendered":"<p>Aansluitkit voor dieseltank. Vul \u00d8 38mm. Zuig \u00d8 10 mm. Ontluchting \u00d8 16 mm. Sensorvoorbereiding<\/p>\n<p>Benodigd, om deze aansluitkit in te bouwen, is een boorzaag \u00d8 114 mm.<\/p>\n<p>Boorzaag eventueel erbij te bestellen onder art.nr. : K-VSAW114.<\/p>\n<p>Center-boorzaag eventueel erbij te bestellen onder art.nr. : E-B386B.<\/p>\n","protected":false},"excerpt":{"rendered":"<p>per stuk<\/p>\n","protected":false},"featured_media":1112,"template":"","meta":[],"product_brand":[],"product_cat":[28],"product_tag":[],"class_list":{"0":"post-5585","1":"product","2":"type-product","3":"status-publish","4":"has-post-thumbnail","6":"product_cat-messing-aansluitingen","8":"first","9":"instock","10":"shipping-taxable","11":"purchasable","12":"product-type-simple"},"_links":{"self":[{"href":"https:\/\/drocom.nl\/webshop\/wp-json\/wp\/v2\/product\/5585","targetHints":{"allow":["GET"]}}],"collection":[{"href":"https:\/\/drocom.nl\/webshop\/wp-json\/wp\/v2\/product"}],"about":[{"href":"https:\/\/drocom.nl\/webshop\/wp-json\/wp\/v2\/types\/product"}],"wp:featuredmedia":[{"embeddable":true,"href":"https:\/\/drocom.nl\/webshop\/wp-json\/wp\/v2\/media\/1112"}],"wp:attachment":[{"href":"https:\/\/drocom.nl\/webshop\/wp-json\/wp\/v2\/media?parent=5585"}],"wp:term":[{"taxonomy":"product_brand","embeddable":true,"href":"https:\/\/drocom.nl\/webshop\/wp-json\/wp\/v2\/product_brand?post=5585"},{"taxonomy":"product_cat","embeddable":true,"href":"https:\/\/drocom.nl\/webshop\/wp-json\/wp\/v2\/product_cat?post=5585"},{"taxonomy":"product_tag","embeddable":true,"href":"https:\/\/drocom.nl\/webshop\/wp-json\/wp\/v2\/product_tag?post=5585"}],"curies":[{"name":"wp","href":"https:\/\/api.w.org\/{rel}","templated":true}]}}