{"id":11427,"date":"2024-06-04T13:31:30","date_gmt":"2024-06-04T13:31:30","guid":{"rendered":"http:\/\/drocom.nl\/webshop\/?post_type=product&#038;p=11427"},"modified":"2025-03-21T14:59:31","modified_gmt":"2025-03-21T14:59:31","slug":"brandstoftank-kunststof-40-ltr-l472-x-br362-x-h347mm","status":"publish","type":"product","link":"https:\/\/drocom.nl\/webshop\/product\/brandstoftank-kunststof-40-ltr-l472-x-br362-x-h347mm\/","title":{"rendered":"Brandstoftank (kunststof). 40 ltr., L472 x Br362 x H347mm."},"content":{"rendered":"<p>472 x 362 x 347 mm hoog. incl aansl. Vul \u00d8 38 mm, Ontluchting \u00d8 16 mm, Aanzuig en Retour \u00d8 8 mm. haaks<\/p>\n","protected":false},"excerpt":{"rendered":"<p>liter<\/p>\n","protected":false},"featured_media":1142,"template":"","meta":[],"product_brand":[],"product_cat":[17],"product_tag":[],"class_list":{"0":"post-11427","1":"product","2":"type-product","3":"status-publish","4":"has-post-thumbnail","6":"product_cat-brandstoftanks","8":"first","9":"instock","10":"shipping-taxable","11":"purchasable","12":"product-type-simple"},"_links":{"self":[{"href":"https:\/\/drocom.nl\/webshop\/wp-json\/wp\/v2\/product\/11427","targetHints":{"allow":["GET"]}}],"collection":[{"href":"https:\/\/drocom.nl\/webshop\/wp-json\/wp\/v2\/product"}],"about":[{"href":"https:\/\/drocom.nl\/webshop\/wp-json\/wp\/v2\/types\/product"}],"wp:featuredmedia":[{"embeddable":true,"href":"https:\/\/drocom.nl\/webshop\/wp-json\/wp\/v2\/media\/1142"}],"wp:attachment":[{"href":"https:\/\/drocom.nl\/webshop\/wp-json\/wp\/v2\/media?parent=11427"}],"wp:term":[{"taxonomy":"product_brand","embeddable":true,"href":"https:\/\/drocom.nl\/webshop\/wp-json\/wp\/v2\/product_brand?post=11427"},{"taxonomy":"product_cat","embeddable":true,"href":"https:\/\/drocom.nl\/webshop\/wp-json\/wp\/v2\/product_cat?post=11427"},{"taxonomy":"product_tag","embeddable":true,"href":"https:\/\/drocom.nl\/webshop\/wp-json\/wp\/v2\/product_tag?post=11427"}],"curies":[{"name":"wp","href":"https:\/\/api.w.org\/{rel}","templated":true}]}}